{"id":27,"date":"2020-05-20T14:59:54","date_gmt":"2020-05-20T11:59:54","guid":{"rendered":"https:\/\/ar.veo.fi\/2020\/?page_id=27"},"modified":"2023-05-02T15:21:30","modified_gmt":"2023-05-02T12:21:30","slug":"working-at-veo","status":"publish","type":"page","link":"https:\/\/ar.veo.fi\/2022\/working-at-veo\/","title":{"rendered":"SUSTAINABLE WORKPLACE"},"content":{"rendered":"<h1><span style=\"color: #0176b0\">WORKING AT VEO: A SUSTAINABLE JOURNEY<\/span><\/h1>\n<p>&nbsp;<\/p>\n<p><strong><span class=\"TextRun MacChromeBold SCXW12018459 BCX0\" lang=\"EN-GB\" xml:lang=\"EN-GB\" data-contrast=\"auto\"><span class=\"NormalTextRun SCXW12018459 BCX0\">N<\/span><span class=\"NormalTextRun SCXW12018459 BCX0\">ot only <\/span><span class=\"NormalTextRun SCXW12018459 BCX0\">does VEO <\/span><span class=\"NormalTextRun SCXW12018459 BCX0\">talk about sustainability &#8211; <\/span><span class=\"NormalTextRun SCXW12018459 BCX0\">the company<\/span><span class=\"NormalTextRun SCXW12018459 BCX0\"> walk<\/span><span class=\"NormalTextRun SCXW12018459 BCX0\">s<\/span><span class=\"NormalTextRun SCXW12018459 BCX0\"> the walk too. Environmental, Social and Governance (ESG) issues are incorporated in the daily work, creating a workplace that is good for both the people and the planet. In this article, we will hear from some of VEO&#8217;s employees on what it is like to work at a company that is committed to sustainability.\u00a0<\/span><\/span><span class=\"EOP SCXW12018459 BCX0\" data-ccp-props=\"{}\">\u00a0<\/span><\/strong><\/p>\n<p>&nbsp;<\/p>\n<h2><span style=\"color: #0176b0\"><strong>Meaningful work<\/strong><\/span><\/h2>\n<p>&nbsp;<\/p>\n<p><span data-contrast=\"auto\"><img loading=\"lazy\" decoding=\"async\" class=\"size-thumbnail wp-image-1319 alignright\" src=\"https:\/\/ar.veo.fi\/2022\/wp-content\/uploads\/sites\/9\/2023\/04\/veo-ar-2022-kuvat-working-at-veo-jakob-600x600px-150x150.png\" alt=\"\" width=\"150\" height=\"150\" srcset=\"https:\/\/ar.veo.fi\/2022\/wp-content\/uploads\/sites\/9\/2023\/04\/veo-ar-2022-kuvat-working-at-veo-jakob-600x600px-150x150.png 150w, https:\/\/ar.veo.fi\/2022\/wp-content\/uploads\/sites\/9\/2023\/04\/veo-ar-2022-kuvat-working-at-veo-jakob-600x600px-300x300.png 300w, https:\/\/ar.veo.fi\/2022\/wp-content\/uploads\/sites\/9\/2023\/04\/veo-ar-2022-kuvat-working-at-veo-jakob-600x600px.png 600w\" sizes=\"auto, (max-width: 150px) 100vw, 150px\" \/>Project Manager <\/span><strong>Jakob Bj\u00f6rkqvist<\/strong><span data-contrast=\"auto\"> at VEO in Fornebu, Norway, feels motivated knowing that the projects he works in support the green transition.\u00a0\u00a0<\/span><\/p>\n<p>&nbsp;<\/p>\n<p><em>&#8220;A concrete example is an ongoing railway electrification project in Eidum, outside of Trondheim. We are delivering the substation needed for the railway to run on electricity instead of fossil fuels. It feels great knowing that the projects we\u2019re involved in lead to significantly lower greenhouse gas emissions&#8221;.\u00a0<\/em><\/p>\n<p>&nbsp;<\/p>\n<p><b><\/b><strong>Ville Yli-M\u00e4enp\u00e4\u00e4<\/strong><span data-contrast=\"auto\">, an assembler and Health &amp; Safety representative at VEO&#8217;s factory in Vaasa, Finland, appreciates that VEO not only integrates their clients&#8217; clean energy projects but also prioritises sustainability in their own operations.<\/span><span data-ccp-props=\"{}\">\u00a0<\/span><\/p>\n<p>&nbsp;<\/p>\n<p><span data-contrast=\"auto\"><img loading=\"lazy\" decoding=\"async\" class=\"size-thumbnail wp-image-1326 alignright\" src=\"https:\/\/ar.veo.fi\/2022\/wp-content\/uploads\/sites\/9\/2023\/04\/veo-ar-2022-kuvat-working-at-veo-ville-600x600px-150x150.png\" alt=\"\" width=\"150\" height=\"150\" srcset=\"https:\/\/ar.veo.fi\/2022\/wp-content\/uploads\/sites\/9\/2023\/04\/veo-ar-2022-kuvat-working-at-veo-ville-600x600px-150x150.png 150w, https:\/\/ar.veo.fi\/2022\/wp-content\/uploads\/sites\/9\/2023\/04\/veo-ar-2022-kuvat-working-at-veo-ville-600x600px-300x300.png 300w, https:\/\/ar.veo.fi\/2022\/wp-content\/uploads\/sites\/9\/2023\/04\/veo-ar-2022-kuvat-working-at-veo-ville-600x600px.png 600w\" sizes=\"auto, (max-width: 150px) 100vw, 150px\" \/><em>\u201cI feel we all have an obligation to make sustainable choices in our everyday life if w<\/em><\/span><em>e want to maintain a clean environment and fresh air. VEO\u2019s recycling and waste management targets are ambitious and give us all a possibility to contribute. By recycling and sorting waste, we also get cleaner and safer working conditions.\u201d\u00a0<\/em><\/p>\n<h2><\/h2>\n<p>&nbsp;<\/p>\n<h2><span class=\"TextRun SCXW155373771 BCX0\" lang=\"EN-GB\" xml:lang=\"EN-GB\" data-contrast=\"none\"><span class=\"NormalTextRun SCXW155373771 BCX0\" data-ccp-parastyle=\"heading 3\"><span style=\"color: #0176b0\">Great atmosphere<\/span>\u00a0<\/span><\/span><span class=\"EOP SCXW155373771 BCX0\" data-ccp-props=\"{&quot;134245418&quot;:true,&quot;134245529&quot;:true,&quot;335559738&quot;:40}\">\u00a0<\/span><\/h2>\n<p>&nbsp;<\/p>\n<p><b><span data-contrast=\"auto\"><img loading=\"lazy\" decoding=\"async\" class=\"size-thumbnail wp-image-1323 alignright\" src=\"https:\/\/ar.veo.fi\/2022\/wp-content\/uploads\/sites\/9\/2023\/04\/veo-ar-2022-kuvat-working-at-veo-magnus-600x600px-150x150.png\" alt=\"\" width=\"150\" height=\"150\" srcset=\"https:\/\/ar.veo.fi\/2022\/wp-content\/uploads\/sites\/9\/2023\/04\/veo-ar-2022-kuvat-working-at-veo-magnus-600x600px-150x150.png 150w, https:\/\/ar.veo.fi\/2022\/wp-content\/uploads\/sites\/9\/2023\/04\/veo-ar-2022-kuvat-working-at-veo-magnus-600x600px-300x300.png 300w, https:\/\/ar.veo.fi\/2022\/wp-content\/uploads\/sites\/9\/2023\/04\/veo-ar-2022-kuvat-working-at-veo-magnus-600x600px.png 600w\" sizes=\"auto, (max-width: 150px) 100vw, 150px\" \/><\/span><\/b><strong>Magnus Olofsson<\/strong><span data-contrast=\"auto\">, Engineering Manager at VEO in V\u00e4ster\u00e5s, Sweden, praises the company&#8217;s work culture.\u00a0<\/span><span data-ccp-props=\"{}\">\u00a0<\/span><\/p>\n<p>&nbsp;<\/p>\n<p><em>&#8220;We have a fantastic work community at VEO where everyone contributes with their skills and personalities, and we have a lot of fun. The relaxed atmosphere creates a safe space for expressing opinions, even when it involves constructive feedback. We are also good at lifting each other with kudos, which in the long run also lifts the business. We all perform better when we feel we are backed up by those around us &#8211; and appreciated.\u201d\u00a0<\/em><\/p>\n<p>&nbsp;<\/p>\n<h2><span style=\"color: #0176b0\" data-ccp-props=\"{}\">Career development<\/span><\/h2>\n<p>&nbsp;<\/p>\n<p><b><span data-contrast=\"auto\"><img loading=\"lazy\" decoding=\"async\" class=\"size-thumbnail wp-image-1322 alignright\" src=\"https:\/\/ar.veo.fi\/2022\/wp-content\/uploads\/sites\/9\/2023\/04\/veo-ar-2022-kuvat-working-at-veo-krista-600x600px-150x150.png\" alt=\"\" width=\"150\" height=\"150\" srcset=\"https:\/\/ar.veo.fi\/2022\/wp-content\/uploads\/sites\/9\/2023\/04\/veo-ar-2022-kuvat-working-at-veo-krista-600x600px-150x150.png 150w, https:\/\/ar.veo.fi\/2022\/wp-content\/uploads\/sites\/9\/2023\/04\/veo-ar-2022-kuvat-working-at-veo-krista-600x600px-300x300.png 300w, https:\/\/ar.veo.fi\/2022\/wp-content\/uploads\/sites\/9\/2023\/04\/veo-ar-2022-kuvat-working-at-veo-krista-600x600px.png 600w\" sizes=\"auto, (max-width: 150px) 100vw, 150px\" \/><\/span><\/b><strong>Krista Hovimeri<\/strong><span data-contrast=\"auto\">, System Engineer in Vaasa, Finland, started her career at VEO as a switchgear assembler. She enjoyed the role for over a decade but eventually wanted to expand her knowledge. She applied for, and was granted, a study leave to concentrate on her engineering studies. After graduating, she returned to VEO and was promoted to a system engineer.<\/span><span data-ccp-props=\"{}\">\u00a0<\/span><\/p>\n<p>&nbsp;<\/p>\n<p><span data-contrast=\"auto\"><em>\u201cIt\u2019s great to work at a company that encourages its employees to develop \u2013 and that I can keep developing my career within VEO. At the moment, I want to strengthen my knowledge in system engineering. However, there are always new interesting challenges at VEO, for example working as a project manager or trying something totally different, like sales or purchasing\u201d,<\/em> says Hovimeri.<\/span><span data-ccp-props=\"{}\">\u00a0<\/span><\/p>\n<h2><\/h2>\n<p>&nbsp;<\/p>\n<h2><span class=\"TextRun SCXW92292763 BCX0\" lang=\"EN-GB\" style=\"color: #0176b0\" xml:lang=\"EN-GB\" data-contrast=\"none\"><span class=\"NormalTextRun SCXW92292763 BCX0\" data-ccp-parastyle=\"heading 3\">Safety first<\/span><\/span><span class=\"EOP SCXW92292763 BCX0\" data-ccp-props=\"{&quot;134245418&quot;:true,&quot;134245529&quot;:true,&quot;335559738&quot;:40}\">\u00a0<\/span><\/h2>\n<p>&nbsp;<\/p>\n<p><span data-contrast=\"auto\"><img loading=\"lazy\" decoding=\"async\" class=\"size-thumbnail wp-image-1321 alignright\" src=\"https:\/\/ar.veo.fi\/2022\/wp-content\/uploads\/sites\/9\/2023\/04\/veo-ar-2022-kuvat-working-at-veo-kari-600x600px-150x150.png\" alt=\"\" width=\"150\" height=\"150\" srcset=\"https:\/\/ar.veo.fi\/2022\/wp-content\/uploads\/sites\/9\/2023\/04\/veo-ar-2022-kuvat-working-at-veo-kari-600x600px-150x150.png 150w, https:\/\/ar.veo.fi\/2022\/wp-content\/uploads\/sites\/9\/2023\/04\/veo-ar-2022-kuvat-working-at-veo-kari-600x600px-300x300.png 300w, https:\/\/ar.veo.fi\/2022\/wp-content\/uploads\/sites\/9\/2023\/04\/veo-ar-2022-kuvat-working-at-veo-kari-600x600px.png 600w\" sizes=\"auto, (max-width: 150px) 100vw, 150px\" \/>VEO is committed to the safety of its employees and regularly provides training in this area. <\/span><strong>Kari Hiisvirta<\/strong><span data-contrast=\"auto\">, Head of Sales Support at VEO in Vaasa, highlights the importance of well-defined safety measures and periodic training to ensure that employees execute them properly in their daily work.\u00a0<\/span><span data-ccp-props=\"{}\">\u00a0<\/span><\/p>\n<p>&nbsp;<\/p>\n<p><span data-contrast=\"auto\"><em>&#8220;Everyone should have the right to go home from work in good health, and each of us is responsible for our own and our colleagues\u2019 safety in our daily tasks. Trainings provide the necessary guidance and ensure the latest information is available,&#8221;<\/em> he explains.<\/span><span data-ccp-props=\"{}\">\u00a0<\/span><\/p>\n<p>&nbsp;<\/p>\n<p><b><span data-contrast=\"auto\"><img loading=\"lazy\" decoding=\"async\" class=\"size-thumbnail wp-image-1324 alignright\" src=\"https:\/\/ar.veo.fi\/2022\/wp-content\/uploads\/sites\/9\/2023\/04\/veo-ar-2022-kuvat-working-at-veo-shaun-600x600px-150x150.png\" alt=\"\" width=\"150\" height=\"150\" srcset=\"https:\/\/ar.veo.fi\/2022\/wp-content\/uploads\/sites\/9\/2023\/04\/veo-ar-2022-kuvat-working-at-veo-shaun-600x600px-150x150.png 150w, https:\/\/ar.veo.fi\/2022\/wp-content\/uploads\/sites\/9\/2023\/04\/veo-ar-2022-kuvat-working-at-veo-shaun-600x600px-300x300.png 300w, https:\/\/ar.veo.fi\/2022\/wp-content\/uploads\/sites\/9\/2023\/04\/veo-ar-2022-kuvat-working-at-veo-shaun-600x600px.png 600w\" sizes=\"auto, (max-width: 150px) 100vw, 150px\" \/><\/span><\/b><strong>Shaun Marriott<\/strong><span data-contrast=\"auto\">, Engineering Director at ICE, VEO&#8217;s branch in the UK, emphasises the value of good communication. With significant experience of both design work and site work, ICE can effectively communicate with site teams to ensure a safe working environment.<\/span><span data-ccp-props=\"{}\">\u00a0<\/span><\/p>\n<p>&nbsp;<\/p>\n<p><em>&#8220;We recognise dangers and plan for potential issues by having daily conversations with site teams about working practices and activities,&#8221; he says. \u201cWe keep up with the legislation and collate every near miss in our own operations and use them to continuously improve our way of working, and thus also the safety\u201d.\u00a0<\/em><\/p>\n<h2><\/h2>\n<p>&nbsp;<\/p>\n<h2><span style=\"color: #0176b0\">Hybrid work model<\/span><\/h2>\n<p>&nbsp;<\/p>\n<p><span data-contrast=\"auto\"><img loading=\"lazy\" decoding=\"async\" class=\"size-thumbnail wp-image-1325 alignright\" src=\"https:\/\/ar.veo.fi\/2022\/wp-content\/uploads\/sites\/9\/2023\/04\/veo-ar-2022-kuvat-working-at-veo-tero-600x600px-150x150.png\" alt=\"\" width=\"150\" height=\"150\" srcset=\"https:\/\/ar.veo.fi\/2022\/wp-content\/uploads\/sites\/9\/2023\/04\/veo-ar-2022-kuvat-working-at-veo-tero-600x600px-150x150.png 150w, https:\/\/ar.veo.fi\/2022\/wp-content\/uploads\/sites\/9\/2023\/04\/veo-ar-2022-kuvat-working-at-veo-tero-600x600px-300x300.png 300w, https:\/\/ar.veo.fi\/2022\/wp-content\/uploads\/sites\/9\/2023\/04\/veo-ar-2022-kuvat-working-at-veo-tero-600x600px.png 600w\" sizes=\"auto, (max-width: 150px) 100vw, 150px\" \/>VEO not only provides hybrid solutions to its clients, but also to its employees. <\/span><strong>Tero Artikainen<\/strong><b><span data-contrast=\"auto\">, <\/span><\/b><span data-contrast=\"auto\">System Engineer at VEO in Sein\u00e4joki, Finland, appreciates the flexibility that the hybrid work model provides.\u00a0<\/span><span data-ccp-props=\"{}\">\u00a0<\/span><\/p>\n<p>&nbsp;<\/p>\n<p><em>&#8220;The hybrid work model offers the best of both worlds, allowing me to balance in-office and remote workdays according to my schedule. It is a testament to the trust VEO places in its employees. I like working at the office, as it brings a nice routine to my day and I enjoy having lunch with my colleagues, but sometimes remote work is more convenient\u201d.\u00a0<\/em><\/p>\n<h2><\/h2>\n<p>&nbsp;<\/p>\n<h2><span class=\"TextRun SCXW194823268 BCX0\" lang=\"EN-GB\" style=\"color: #0176b0\" xml:lang=\"EN-GB\" data-contrast=\"none\"><span class=\"NormalTextRun SCXW194823268 BCX0\" data-ccp-parastyle=\"heading 3\">Bike<\/span> <span class=\"NormalTextRun SCXW194823268 BCX0\" data-ccp-parastyle=\"heading 3\">benefit<\/span><span class=\"NormalTextRun SCXW194823268 BCX0\" data-ccp-parastyle=\"heading 3\"> promotes sustainable <\/span><span class=\"NormalTextRun SCXW194823268 BCX0\" data-ccp-parastyle=\"heading 3\">commuting<\/span><\/span><\/h2>\n<p>&nbsp;<\/p>\n<p><span data-contrast=\"auto\"><img loading=\"lazy\" decoding=\"async\" class=\"size-thumbnail wp-image-1320 alignright\" src=\"https:\/\/ar.veo.fi\/2022\/wp-content\/uploads\/sites\/9\/2023\/04\/veo-ar-2022-kuvat-working-at-veo-jukka-600x600px-150x150.png\" alt=\"\" width=\"150\" height=\"150\" srcset=\"https:\/\/ar.veo.fi\/2022\/wp-content\/uploads\/sites\/9\/2023\/04\/veo-ar-2022-kuvat-working-at-veo-jukka-600x600px-150x150.png 150w, https:\/\/ar.veo.fi\/2022\/wp-content\/uploads\/sites\/9\/2023\/04\/veo-ar-2022-kuvat-working-at-veo-jukka-600x600px-300x300.png 300w, https:\/\/ar.veo.fi\/2022\/wp-content\/uploads\/sites\/9\/2023\/04\/veo-ar-2022-kuvat-working-at-veo-jukka-600x600px.png 600w\" sizes=\"auto, (max-width: 150px) 100vw, 150px\" \/>VEO has just introduced a bike benefit in Finland, with plans to extend it to other countries.<\/span><span data-ccp-props=\"{}\">\u00a0<\/span><strong>Jukka Bergstr\u00f6m<\/strong><span data-contrast=\"auto\">, Head of ICT and located in Vaasa, appreciates the benefit which enables sustainable commuting at reasonable monthly costs.<\/span><span data-ccp-props=\"{}\">\u00a0<\/span><\/p>\n<p>&nbsp;<\/p>\n<p><em>\u201cThe benefit made me finally get the electric bike I had been thinking about for quite some time. I use the bike to commute to work 80% of the time and as an option to get around the city or explore the trails in the nearby woods. The bike benefit shows that VEO cares about its employees and their well-being, and it fits very well into the company\u2019s sustainability approach.&#8221;\u00a0\u00a0<\/em><\/p>\n","protected":false},"excerpt":{"rendered":"<p>WORKING AT VEO: A SUSTAINABLE JOURNEY &nbsp; Not only does VEO talk about sustainability &#8211; the company walks the walk too. Environmental, Social and Governance (ESG) issues are incorporated in the daily work, creating a workplace that is good for both the people and the planet. In this article, we will hear from some of [&hellip;]<\/p>\n","protected":false},"author":1,"featured_media":0,"parent":0,"menu_order":5,"comment_status":"closed","ping_status":"closed","template":"","meta":{"_acf_changed":false,"footnotes":""},"class_list":["post-27","page","type-page","status-publish","hentry"],"acf":[],"yoast_head":"<!-- This site is optimized with the Yoast SEO plugin v27.4 - https:\/\/yoast.com\/product\/yoast-seo-wordpress\/ -->\n<title>SUSTAINABLE WORKPLACE - Annual Report 2022<\/title>\n<meta name=\"robots\" content=\"index, follow, max-snippet:-1, max-image-preview:large, max-video-preview:-1\" \/>\n<link rel=\"canonical\" href=\"https:\/\/ar.veo.fi\/2022\/working-at-veo\/\" \/>\n<meta property=\"og:locale\" content=\"en_US\" \/>\n<meta property=\"og:type\" content=\"article\" \/>\n<meta property=\"og:title\" content=\"SUSTAINABLE WORKPLACE - Annual Report 2022\" \/>\n<meta property=\"og:description\" content=\"WORKING AT VEO: A SUSTAINABLE JOURNEY &nbsp; Not only does VEO talk about sustainability &#8211; the company walks the walk too. Environmental, Social and Governance (ESG) issues are incorporated in the daily work, creating a workplace that is good for both the people and the planet. In this article, we will hear from some of [&hellip;]\" \/>\n<meta property=\"og:url\" content=\"https:\/\/ar.veo.fi\/2022\/working-at-veo\/\" \/>\n<meta property=\"og:site_name\" content=\"Annual Report 2022\" \/>\n<meta property=\"article:modified_time\" content=\"2023-05-02T12:21:30+00:00\" \/>\n<meta property=\"og:image\" content=\"https:\/\/ar.veo.fi\/2022\/wp-content\/uploads\/sites\/9\/2023\/04\/veo-ar-2022-kuvat-working-at-veo-jakob-600x600px-150x150.png\" \/>\n<meta name=\"twitter:card\" content=\"summary_large_image\" \/>\n<meta name=\"twitter:label1\" content=\"Est. reading time\" \/>\n\t<meta name=\"twitter:data1\" content=\"6 minutes\" \/>\n<script type=\"application\/ld+json\" class=\"yoast-schema-graph\">{\"@context\":\"https:\\\/\\\/schema.org\",\"@graph\":[{\"@type\":\"WebPage\",\"@id\":\"https:\\\/\\\/ar.veo.fi\\\/2022\\\/working-at-veo\\\/\",\"url\":\"https:\\\/\\\/ar.veo.fi\\\/2022\\\/working-at-veo\\\/\",\"name\":\"SUSTAINABLE WORKPLACE - Annual Report 2022\",\"isPartOf\":{\"@id\":\"https:\\\/\\\/ar.veo.fi\\\/2022\\\/#website\"},\"primaryImageOfPage\":{\"@id\":\"https:\\\/\\\/ar.veo.fi\\\/2022\\\/working-at-veo\\\/#primaryimage\"},\"image\":{\"@id\":\"https:\\\/\\\/ar.veo.fi\\\/2022\\\/working-at-veo\\\/#primaryimage\"},\"thumbnailUrl\":\"https:\\\/\\\/ar.veo.fi\\\/2022\\\/wp-content\\\/uploads\\\/sites\\\/9\\\/2023\\\/04\\\/veo-ar-2022-kuvat-working-at-veo-jakob-600x600px-150x150.png\",\"datePublished\":\"2020-05-20T11:59:54+00:00\",\"dateModified\":\"2023-05-02T12:21:30+00:00\",\"breadcrumb\":{\"@id\":\"https:\\\/\\\/ar.veo.fi\\\/2022\\\/working-at-veo\\\/#breadcrumb\"},\"inLanguage\":\"en-US\",\"potentialAction\":[{\"@type\":\"ReadAction\",\"target\":[\"https:\\\/\\\/ar.veo.fi\\\/2022\\\/working-at-veo\\\/\"]}]},{\"@type\":\"ImageObject\",\"inLanguage\":\"en-US\",\"@id\":\"https:\\\/\\\/ar.veo.fi\\\/2022\\\/working-at-veo\\\/#primaryimage\",\"url\":\"https:\\\/\\\/ar.veo.fi\\\/2022\\\/wp-content\\\/uploads\\\/sites\\\/9\\\/2023\\\/04\\\/veo-ar-2022-kuvat-working-at-veo-jakob-600x600px.png\",\"contentUrl\":\"https:\\\/\\\/ar.veo.fi\\\/2022\\\/wp-content\\\/uploads\\\/sites\\\/9\\\/2023\\\/04\\\/veo-ar-2022-kuvat-working-at-veo-jakob-600x600px.png\",\"width\":600,\"height\":600},{\"@type\":\"BreadcrumbList\",\"@id\":\"https:\\\/\\\/ar.veo.fi\\\/2022\\\/working-at-veo\\\/#breadcrumb\",\"itemListElement\":[{\"@type\":\"ListItem\",\"position\":1,\"name\":\"Home\",\"item\":\"https:\\\/\\\/ar.veo.fi\\\/2022\\\/\"},{\"@type\":\"ListItem\",\"position\":2,\"name\":\"SUSTAINABLE WORKPLACE\"}]},{\"@type\":\"WebSite\",\"@id\":\"https:\\\/\\\/ar.veo.fi\\\/2022\\\/#website\",\"url\":\"https:\\\/\\\/ar.veo.fi\\\/2022\\\/\",\"name\":\"Annual Report 2022\",\"description\":\"VEO Annual Report 2022\",\"publisher\":{\"@id\":\"https:\\\/\\\/ar.veo.fi\\\/2022\\\/#organization\"},\"potentialAction\":[{\"@type\":\"SearchAction\",\"target\":{\"@type\":\"EntryPoint\",\"urlTemplate\":\"https:\\\/\\\/ar.veo.fi\\\/2022\\\/?s={search_term_string}\"},\"query-input\":{\"@type\":\"PropertyValueSpecification\",\"valueRequired\":true,\"valueName\":\"search_term_string\"}}],\"inLanguage\":\"en-US\"},{\"@type\":\"Organization\",\"@id\":\"https:\\\/\\\/ar.veo.fi\\\/2022\\\/#organization\",\"name\":\"VEO Oy\",\"url\":\"https:\\\/\\\/ar.veo.fi\\\/2022\\\/\",\"logo\":{\"@type\":\"ImageObject\",\"inLanguage\":\"en-US\",\"@id\":\"https:\\\/\\\/ar.veo.fi\\\/2022\\\/#\\\/schema\\\/logo\\\/image\\\/\",\"url\":\"https:\\\/\\\/ar.veo.fi\\\/2022\\\/wp-content\\\/uploads\\\/sites\\\/9\\\/2021\\\/04\\\/veo-rgb.png\",\"contentUrl\":\"https:\\\/\\\/ar.veo.fi\\\/2022\\\/wp-content\\\/uploads\\\/sites\\\/9\\\/2021\\\/04\\\/veo-rgb.png\",\"width\":803,\"height\":366,\"caption\":\"VEO Oy\"},\"image\":{\"@id\":\"https:\\\/\\\/ar.veo.fi\\\/2022\\\/#\\\/schema\\\/logo\\\/image\\\/\"}}]}<\/script>\n<!-- \/ Yoast SEO plugin. -->","yoast_head_json":{"title":"SUSTAINABLE WORKPLACE - Annual Report 2022","robots":{"index":"index","follow":"follow","max-snippet":"max-snippet:-1","max-image-preview":"max-image-preview:large","max-video-preview":"max-video-preview:-1"},"canonical":"https:\/\/ar.veo.fi\/2022\/working-at-veo\/","og_locale":"en_US","og_type":"article","og_title":"SUSTAINABLE WORKPLACE - Annual Report 2022","og_description":"WORKING AT VEO: A SUSTAINABLE JOURNEY &nbsp; Not only does VEO talk about sustainability &#8211; the company walks the walk too. Environmental, Social and Governance (ESG) issues are incorporated in the daily work, creating a workplace that is good for both the people and the planet. In this article, we will hear from some of [&hellip;]","og_url":"https:\/\/ar.veo.fi\/2022\/working-at-veo\/","og_site_name":"Annual Report 2022","article_modified_time":"2023-05-02T12:21:30+00:00","og_image":[{"url":"https:\/\/ar.veo.fi\/2022\/wp-content\/uploads\/sites\/9\/2023\/04\/veo-ar-2022-kuvat-working-at-veo-jakob-600x600px-150x150.png","type":"","width":"","height":""}],"twitter_card":"summary_large_image","twitter_misc":{"Est. reading time":"6 minutes"},"schema":{"@context":"https:\/\/schema.org","@graph":[{"@type":"WebPage","@id":"https:\/\/ar.veo.fi\/2022\/working-at-veo\/","url":"https:\/\/ar.veo.fi\/2022\/working-at-veo\/","name":"SUSTAINABLE WORKPLACE - Annual Report 2022","isPartOf":{"@id":"https:\/\/ar.veo.fi\/2022\/#website"},"primaryImageOfPage":{"@id":"https:\/\/ar.veo.fi\/2022\/working-at-veo\/#primaryimage"},"image":{"@id":"https:\/\/ar.veo.fi\/2022\/working-at-veo\/#primaryimage"},"thumbnailUrl":"https:\/\/ar.veo.fi\/2022\/wp-content\/uploads\/sites\/9\/2023\/04\/veo-ar-2022-kuvat-working-at-veo-jakob-600x600px-150x150.png","datePublished":"2020-05-20T11:59:54+00:00","dateModified":"2023-05-02T12:21:30+00:00","breadcrumb":{"@id":"https:\/\/ar.veo.fi\/2022\/working-at-veo\/#breadcrumb"},"inLanguage":"en-US","potentialAction":[{"@type":"ReadAction","target":["https:\/\/ar.veo.fi\/2022\/working-at-veo\/"]}]},{"@type":"ImageObject","inLanguage":"en-US","@id":"https:\/\/ar.veo.fi\/2022\/working-at-veo\/#primaryimage","url":"https:\/\/ar.veo.fi\/2022\/wp-content\/uploads\/sites\/9\/2023\/04\/veo-ar-2022-kuvat-working-at-veo-jakob-600x600px.png","contentUrl":"https:\/\/ar.veo.fi\/2022\/wp-content\/uploads\/sites\/9\/2023\/04\/veo-ar-2022-kuvat-working-at-veo-jakob-600x600px.png","width":600,"height":600},{"@type":"BreadcrumbList","@id":"https:\/\/ar.veo.fi\/2022\/working-at-veo\/#breadcrumb","itemListElement":[{"@type":"ListItem","position":1,"name":"Home","item":"https:\/\/ar.veo.fi\/2022\/"},{"@type":"ListItem","position":2,"name":"SUSTAINABLE WORKPLACE"}]},{"@type":"WebSite","@id":"https:\/\/ar.veo.fi\/2022\/#website","url":"https:\/\/ar.veo.fi\/2022\/","name":"Annual Report 2022","description":"VEO Annual Report 2022","publisher":{"@id":"https:\/\/ar.veo.fi\/2022\/#organization"},"potentialAction":[{"@type":"SearchAction","target":{"@type":"EntryPoint","urlTemplate":"https:\/\/ar.veo.fi\/2022\/?s={search_term_string}"},"query-input":{"@type":"PropertyValueSpecification","valueRequired":true,"valueName":"search_term_string"}}],"inLanguage":"en-US"},{"@type":"Organization","@id":"https:\/\/ar.veo.fi\/2022\/#organization","name":"VEO Oy","url":"https:\/\/ar.veo.fi\/2022\/","logo":{"@type":"ImageObject","inLanguage":"en-US","@id":"https:\/\/ar.veo.fi\/2022\/#\/schema\/logo\/image\/","url":"https:\/\/ar.veo.fi\/2022\/wp-content\/uploads\/sites\/9\/2021\/04\/veo-rgb.png","contentUrl":"https:\/\/ar.veo.fi\/2022\/wp-content\/uploads\/sites\/9\/2021\/04\/veo-rgb.png","width":803,"height":366,"caption":"VEO Oy"},"image":{"@id":"https:\/\/ar.veo.fi\/2022\/#\/schema\/logo\/image\/"}}]}},"_links":{"self":[{"href":"https:\/\/ar.veo.fi\/2022\/wp-json\/wp\/v2\/pages\/27","targetHints":{"allow":["GET"]}}],"collection":[{"href":"https:\/\/ar.veo.fi\/2022\/wp-json\/wp\/v2\/pages"}],"about":[{"href":"https:\/\/ar.veo.fi\/2022\/wp-json\/wp\/v2\/types\/page"}],"author":[{"embeddable":true,"href":"https:\/\/ar.veo.fi\/2022\/wp-json\/wp\/v2\/users\/1"}],"replies":[{"embeddable":true,"href":"https:\/\/ar.veo.fi\/2022\/wp-json\/wp\/v2\/comments?post=27"}],"version-history":[{"count":58,"href":"https:\/\/ar.veo.fi\/2022\/wp-json\/wp\/v2\/pages\/27\/revisions"}],"predecessor-version":[{"id":1497,"href":"https:\/\/ar.veo.fi\/2022\/wp-json\/wp\/v2\/pages\/27\/revisions\/1497"}],"wp:attachment":[{"href":"https:\/\/ar.veo.fi\/2022\/wp-json\/wp\/v2\/media?parent=27"}],"curies":[{"name":"wp","href":"https:\/\/api.w.org\/{rel}","templated":true}]}}